{"id":2,"date":"2015-08-05T10:48:55","date_gmt":"2015-08-05T10:48:55","guid":{"rendered":"https:\/\/fnbroadband.com\/?page_id=2"},"modified":"2021-02-07T20:41:58","modified_gmt":"2021-02-08T01:41:58","slug":"about","status":"publish","type":"page","link":"https:\/\/fnbroadband.com\/","title":{"rendered":"About"},"content":{"rendered":"<p>Somos una empresa creada en el a\u00f1o 2008 con el objetivo de prestar servicios a la industria de las telecomunicaciones, como integrador. Se est\u00e1 posicionando para ser una empresa l\u00edder en las \u00e1reas de consultor\u00eda en proyectos HFC y Fiber To The Home, Asesor\u00eda T\u00e9cnica para operadores de redes hibridas, Dise\u00f1o de redes de banda ancha HFC (Hibrido Fibra Coaxial) y Suministro de Equipamiento, con la tecnolog\u00eda de los principales fabricantes mundiales, como son: C-cor Inc. y Motorola BCS, Cisco Scientific Atlanta, Netcom, Aurora Network.<\/p>\n<p style=\"text-align: center;\"><a href=\"https:\/\/fnbroadband.com\/wp-content\/uploads\/2015\/08\/catvprod.jpg\"><img decoding=\"async\" class=\"wp-image-5 aligncenter\" src=\"https:\/\/fnbroadband.com\/wp-content\/uploads\/2015\/08\/catvprod-300x51.jpg\" alt=\"catvprod\" width=\"453\" height=\"77\" srcset=\"https:\/\/fnbroadband.com\/wp-content\/uploads\/2015\/08\/catvprod-300x51.jpg 300w, https:\/\/fnbroadband.com\/wp-content\/uploads\/2015\/08\/catvprod-314x54.jpg 314w, https:\/\/fnbroadband.com\/wp-content\/uploads\/2015\/08\/catvprod.jpg 619w\" sizes=\"(max-width: 453px) 100vw, 453px\" \/><\/a><\/p>\n","protected":false},"excerpt":{"rendered":"<p>Somos una empresa creada en el a\u00f1o 2008 con el objetivo de prestar servicios a la industria de las telecomunicaciones, como integrador. Se est\u00e1 posicionando para ser una empresa l\u00edder en las \u00e1reas de consultor\u00eda en proyectos HFC y Fiber To The Home, Asesor\u00eda T\u00e9cnica para operadores de redes hibridas, Dise\u00f1o de redes de banda&hellip;<\/p>\n","protected":false},"author":1,"featured_media":0,"parent":0,"menu_order":0,"comment_status":"open","ping_status":"open","template":"home-panels.php","meta":{"footnotes":""},"class_list":["post-2","page","type-page","status-publish","hentry"],"_links":{"self":[{"href":"https:\/\/fnbroadband.com\/index.php?rest_route=\/wp\/v2\/pages\/2","targetHints":{"allow":["GET"]}}],"collection":[{"href":"https:\/\/fnbroadband.com\/index.php?rest_route=\/wp\/v2\/pages"}],"about":[{"href":"https:\/\/fnbroadband.com\/index.php?rest_route=\/wp\/v2\/types\/page"}],"author":[{"embeddable":true,"href":"https:\/\/fnbroadband.com\/index.php?rest_route=\/wp\/v2\/users\/1"}],"replies":[{"embeddable":true,"href":"https:\/\/fnbroadband.com\/index.php?rest_route=%2Fwp%2Fv2%2Fcomments&post=2"}],"version-history":[{"count":9,"href":"https:\/\/fnbroadband.com\/index.php?rest_route=\/wp\/v2\/pages\/2\/revisions"}],"predecessor-version":[{"id":25,"href":"https:\/\/fnbroadband.com\/index.php?rest_route=\/wp\/v2\/pages\/2\/revisions\/25"}],"wp:attachment":[{"href":"https:\/\/fnbroadband.com\/index.php?rest_route=%2Fwp%2Fv2%2Fmedia&parent=2"}],"curies":[{"name":"wp","href":"https:\/\/api.w.org\/{rel}","templated":true}]}}